{"id":2,"date":"2019-07-08T09:08:19","date_gmt":"2019-07-08T09:08:19","guid":{"rendered":"https:\/\/www.erikwind.dk\/?page_id=2"},"modified":"2023-06-30T08:44:22","modified_gmt":"2023-06-30T07:44:22","slug":"sample-page","status":"publish","type":"page","link":"https:\/\/www.erikwind.dk\/","title":{"rendered":"B\u00e6redygtighedsledelse &#8211; Assistance til klimabevidste virksomheder"},"content":{"rendered":"\n<p>Med afs\u00e6t i erfaring fra PDCA-ledelsessystemer indenfor Energi, CO2, milj\u00f8 og kvalitet hj\u00e6lper jeg virksomheder i den gr\u00f8nne omstillings tjeneste. Med strategisk, pragmatisk og struktureret tilgang dokumenteres procedurer og sikrer godt grundlag for implementering. <\/p>\n\n\n\n<p><\/p>\n","protected":false},"excerpt":{"rendered":"<p>Med afs\u00e6t i erfaring fra PDCA-ledelsessystemer indenfor Energi, CO2, milj\u00f8 og kvalitet hj\u00e6lper jeg virksomheder i den gr\u00f8nne omstillings tjeneste. Med strategisk, pragmatisk og struktureret tilgang dokumenteres procedurer og sikrer godt grundlag for implementering.<\/p>\n","protected":false},"author":1,"featured_media":0,"parent":0,"menu_order":0,"comment_status":"closed","ping_status":"open","template":"pages\/compact.php","meta":{"footnotes":""},"class_list":["post-2","page","type-page","status-publish","hentry"],"jetpack_sharing_enabled":true,"_links":{"self":[{"href":"https:\/\/www.erikwind.dk\/index.php\/wp-json\/wp\/v2\/pages\/2","targetHints":{"allow":["GET"]}}],"collection":[{"href":"https:\/\/www.erikwind.dk\/index.php\/wp-json\/wp\/v2\/pages"}],"about":[{"href":"https:\/\/www.erikwind.dk\/index.php\/wp-json\/wp\/v2\/types\/page"}],"author":[{"embeddable":true,"href":"https:\/\/www.erikwind.dk\/index.php\/wp-json\/wp\/v2\/users\/1"}],"replies":[{"embeddable":true,"href":"https:\/\/www.erikwind.dk\/index.php\/wp-json\/wp\/v2\/comments?post=2"}],"version-history":[{"count":13,"href":"https:\/\/www.erikwind.dk\/index.php\/wp-json\/wp\/v2\/pages\/2\/revisions"}],"predecessor-version":[{"id":73,"href":"https:\/\/www.erikwind.dk\/index.php\/wp-json\/wp\/v2\/pages\/2\/revisions\/73"}],"wp:attachment":[{"href":"https:\/\/www.erikwind.dk\/index.php\/wp-json\/wp\/v2\/media?parent=2"}],"curies":[{"name":"wp","href":"https:\/\/api.w.org\/{rel}","templated":true}]}}